{"id":1297,"date":"2019-03-05T09:57:03","date_gmt":"2019-03-05T08:57:03","guid":{"rendered":"https:\/\/fo-plus.optonet.info\/?page_id=1297"},"modified":"2022-08-04T08:37:09","modified_gmt":"2022-08-04T06:37:09","slug":"publications","status":"publish","type":"page","link":"https:\/\/fo-plus.de\/en\/publications\/","title":{"rendered":"Publications"},"content":{"rendered":"In the following you will find recent publications of the alliance partners on the topic of \u00bbfreeform optics\u00ab<\/p>\n<h3>asphericon GmbH<\/h3>\n<ul>\n<li>Freeform capability enabled by ISO 10110 Proc. SPIE 9582, Optical System Alignment, Tolerancing, and Verification IX, 958202 (3 September 2015); doi: 10.1117\/12.2188160<br \/>\n<i>Sven R. Kiontke; David M. Aikens; Richard N. Youngworth<\/i><\/li>\n<li>Monolithic freeform element Proc. SPIE 9575, Optical Manufacturing and Testing XI, 95750G (25 September 2015); doi: 10.1117\/12.2188138<br \/>\n<i>Sven R. Kiontke<\/i><\/li>\n<li>Implementing ISO standard-compliant freeform component drawings; Opt. Eng. 55(7), 071205 (Apr 07, 2016); doi:10.1117\/1.OE.55.7.071205<i><br \/>\nSven R. Kiontke; David M. Aikens; Richard N. Youngworth<\/i><\/li>\n<\/ul>\n<h3>Fraunhofer-Institut f\u00fcr Angewandte Optik und Feinmechanik IOF<\/h3>\n<ul>\n<li>Tutorial: Freeform Metal Optics-International Conference on Space Optics, Tenerife \/ Spain (2014)<br \/>\n<i>Gebhardt, Hartung, Kinast<\/i><\/li>\n<li>Proc. ICSO - International Conference on Space Optics (2014); Dimensional\u00a0 stability of metal optics on nickel plated AlSi40<br \/>\n<i>Kinast, Grabowski, Gebhardt, Rohloff, Rochau, Risse, T\u00fcnnermann<\/i><\/li>\n<li>EUSPEN Freeform Group, Padova \/ Italy (2014); Poster: Structured freeforms challenge manufacturing technologies<br \/>\n<i>Steinkopf, Gebhardt, Risse, Eberhardt<\/i><\/li>\n<li>EPIC Workshop on Freeform Optics, Copenhagen \/ Denmark (2015); Diamond machining of freeform optics<br \/>\n<i>Steinkopf, Gebhardt, Risse, Eberhardt<\/i><\/li>\n<li>7. High-Level-Expert-Meeting CC UPOB - Asphere Metrology, Brauschweig (2015); Measuring position and figure deviation with Computer Generated Holograms<br \/>\n<i>Beier, Stumpf, Gebhardt, Risse, Zeitner<\/i><\/li>\n<li>Applied Optics 54\/16, in print (2015); Development, fabrication, and testing of an anamorphic imaging snap-together freeform telescope<br \/>\n<i>Beier, Hartung, Peschel, Damm, Gebhardt, Scheiding, Stumpf, Zeitner, Risse, Eberhardt, T\u00fcnnermann<\/i><\/li>\n<li>Proc. EOSMTOC, accepted (2015); Ultra-precise manufacturing of aspherical mirrors based on a freeform technology for applications in the VIS spectral range<br \/>\n<i>Risse, Beier, Hartung, Gebhardt, Eberhardt <\/i><\/li>\n<\/ul>\n<h3>Institut f\u00fcr Angewandte Physik der FSU Jena<\/h3>\n<ul>\n<li>FSU-IAP Jahresbericht (2014); Neuartige Beschreibungen optischer Freiformfl\u00e4chen<br \/>\n<i>Br\u00f6mel, Gross, Oleszko, Hartung, Lippmann<\/i><\/li>\n<li>Journal of Applied Physics 116, 173503-173512 (2014); The structural and optical properties of black silicon by inductively coupled plasma reactive ion etching<br \/>\n<i>Steglich, K\u00e4sebier, Zilk, Pertsch, Kley, T\u00fcnnermann<\/i><\/li>\n<li>Infrared Physics &amp; Technology 69, 218-221 (2015); Self-organized, effective medium Black Silicon for infrared antireflection<br \/>\n<i>Steglich, K\u00e4sebier, Schrempel, Kley, T\u00fcnnermann<\/i><\/li>\n<li>Proc. SPIE 9372, High Contrast Metastructures IV (2015); Bringing mirrors to rest: grating concepts for ultra-precise interferometry<br \/>\n<i>Kroker, Kley, T\u00fcnnermann<\/i><\/li>\n<li>SPIE Photonics West 9372-25 (2015); Tailoring the angular transmission behavior of high-contrast gratings<br \/>\n<i>Kroker, K\u00e4sebier, Kley, T\u00fcnnermann<\/i><\/li>\n<li>Proc. SPIE 9626 (2015)<br \/>\nInvestigation of TMA systems with different freeform surfaces<br \/>\n<em>Zhong, Gross, Br\u00f6mel, Kirschstein, Petruck, T\u00fcnnermann<\/em><\/li>\n<li>Proc. SPIE 9626 (2015)<br \/>\nPerformance comparison of polynomial representations for optimizing optical freeform systems<br \/>\n<em>Br\u00f6mel, Gross, Ochse, Lippmann, Ma, Zhong, Oleszko<\/em><\/li>\n<li>Proc. SPIE 9626 (2015)<br \/>\nUsing the 3D SMS for finding starting configurations in imaging systems with freeform surfaces<br \/>\n<em>Satzer, Richter, Lippmann, Metzner, Notni, Gross<\/em><\/li>\n<li>Proc. SPIE 9626 (2015)25<br \/>\nOverview on surface representations for freeform surfaces<br \/>\n<em>Gross, Br\u00f6mel, Beier, Steinkopf, Hartung, Zhong, Oleszko, Ochse<\/em><\/li>\n<li>Proc. SPIE 9629(2015)8<br \/>\nFreeform array projection<br \/>\n<em>Michaelis, Schreiber, Li, Br\u00e4uer, Gross<\/em><\/li>\n<li>Proc. ODF 16 (2016), invited talk<br \/>\nPerformance evaluation of optical systems without symmetry<br \/>\n<em>Gross<\/em><\/li>\n<li>Opt Expres 24(2016) p.14271<br \/>\nRay mapping approach for the efficient design of continuous freeform surfaces<br \/>\n<em>B\u00f6sel, Gross<\/em><\/li>\n<li>Proc. LDC 2016 Jena (invited talk)<br \/>\nFreeform optical systems for imaging applications<br \/>\n<em>Gross<\/em><\/li>\n<li>Proc. 14th Fraunhofer Lithography simulation workshop, Erlangen (invited talk), 2016<br \/>\nOptical systems with freeform surfaces - challenges in simulation and realization<br \/>\n<em>Gross, Br\u00f6mel, Stock<\/em><\/li>\n<li>Proc. SPIE 9948 (2016)<br \/>\nOptical design and tolerancing of a hyperspectral imaging spectrometer<br \/>\n<em>Liu, Straif, Fl\u00fcgel-Paul, Zeitner, Gross<\/em><\/li>\n<li>Proc. SPIE 9950 (2016)<br \/>\nRay mapping approach in double freeform surface design for collimated beam shaping<br \/>\n<em>B\u00f6sel, Gross<\/em><\/li>\n<li>Proc. EOSAM 2016 (invited talk)<br \/>\nDescription of freeform surfaces for design and tolerancing<br \/>\n<em>Gross, Br\u00f6mel, Stock<\/em><\/li>\n<li>UPM Workshop 09 (2016), Invited talk<br \/>\nHandling of freeform surfaces in the design of optical systems<br \/>\n<em>Gross, Br\u00f6mel, Stock, Hartung, Linke, Petruck, Peschel, Risse<\/em><\/li>\n<li>Appl. Optics 56(2017) p.391<br \/>\nDescription and reimplementation of real freeform surfaces<br \/>\n<em>Stock, Br\u00f6mel, Hartung, Ochse, Gross<\/em><\/li>\n<li>Appl. Opt. 57 (2017)3679<br \/>\nRay mapping approach in double freeform surface design for collimated beam shaping beyond the paraxial approximation<br \/>\n<em>B\u00f6sel, Worku, Gross<\/em><\/li>\n<li>Opt. Expres 25 (2017) p.10016<br \/>\nInitial system design method for non-rotationally symmetric systems based on Gaussian brackets and Nodal aberration theory<br \/>\n<em>Zhong, Gross<\/em><\/li>\n<li>Appl. Opt. 56 (2017) p5630<br \/>\nFreeform optical design for a nonscanning corneal imaging system with a convexly curved image<br \/>\n<em>Nie, Gross, Zhong, D\u00fcrr<\/em><\/li>\n<li>DGaO Dresden (2017), talk<br \/>\nBerechnung von Abbildungsfehlern 3. Ordnung f\u00fcr Spiegelsysteme mit verkippten und dezentrierten Elementen<br \/>\n<em>Satzer, Lippmann, Notni, Gross<\/em><\/li>\n<li>JOSA A. 34(2017) 1490<br \/>\nSingle freeform surface design for prescribed input wavefront and target irradiance<br \/>\n<em>B\u00f6sel, Gross<\/em><\/li>\n<li>Adv. Opt. Techn. 6 (2017) p.327<br \/>\nFreeform surface descriptions. Part I: Mathematical representations<br \/>\n<em>Br\u00f6mel, Lippmann, Gross<\/em><\/li>\n<li>Adv. Opt. Techn. 6 (2017) p.337<br \/>\nFreeform surface descriptions. Part II: Application benchmark<br \/>\n<em>Br\u00f6mel, Liu, Zhong, Gross<\/em><\/li>\n<li>Appl. Opt. 57 (2017) 6894<br \/>\nComparison of hyperspectral imaging spectrometer designs and the improvement of system performance with freeform surfaces<br \/>\n<em>Liu, Straif, Fl\u00fcgel-Paul, Zeitner, Gross<\/em><\/li>\n<li>JOSA A 34 (2017) p1856<br \/>\nDecomposition of the total wave aberration in generalized optical systems<br \/>\n<em>Oleszko, Hambach, Gross<\/em><\/li>\n<li>Proc SPIE 10377 (2017)A1<br \/>\nGeneralized surface contribution for misalignment sensitivity analysis<br \/>\n<em>Oleszko, Gross<\/em><\/li>\n<li>JOSA A 35 (2018) p.236<br \/>\nDouble freeform illumination design for prescribed wavefronts and irradiances<br \/>\n<em>B\u00f6sel, Gross<\/em><\/li>\n<li>JOSA A 35 (2018) 1482<br \/>\nImprovement of Scheimpflug systems with freeform surfaces<br \/>\n<em>Zhong, Gross<\/em><\/li>\n<li>Appl. Opt. 57 (2018) 1998<br \/>\nAnalysis of freeform mirror systems based on the decomposition of the total wave aberration into Zernike surface contributions<br \/>\n<em>Oleszko, Gross<\/em><\/li>\n<li>SPIE 10690 (2018)<br \/>\nInvestigation of optimization strategy and freeform location on typical optical systems<br \/>\n<em>Liu, Gross<\/em><\/li>\n<li>SPIE 10693 (2018)<br \/>\nIrradiance and phase control with two freeform surfaces using partial differential equations<br \/>\n<em>B\u00f6sel, Hartung, Gross<\/em><\/li>\n<li>SPIE 10690 (2018)<br \/>\nZernike surface contributions as an assisting tool for designing freeform optical systems<br \/>\n<em>Oleszko, Gross<\/em><\/li>\n<li>Appl. Opt. 57 (2018)5758<br \/>\nNumerical optimization strategy for multi-lens imaging systems containing freeform surfaces<br \/>\n<em>Liu, Gross<\/em><\/li>\n<li>JOSA A 35 (2018) 1385<br \/>\nVectorial aberrations of biconic surfaces<br \/>\n<em>Zhong, Gross<\/em><\/li>\n<li>Appl. Opt. 57 (2018) 8692<br \/>\nAngle resolved power spectral density analyses for improving mirror manufacturing<br \/>\n<em>Pertermannn, Hartung, Beier, Risse, Eberhardt, T\u00fcnnermann, Gross<\/em><\/li>\n<li>EOSAM 2018 TOM 2<br \/>\nActive freeform mirror for optical 3D measurements<br \/>\n<em>Brahm, B\u00f6sel, Hartung, Jende, B\u00f6ttner, Reinlein, Gross, K\u00fchmstedt, Notni<\/em><\/li>\n<li>EOSAM 2018 TOM 3<br \/>\nOptical simulation of an imaging telescope including manufactured freeform surfaces<br \/>\n<em>Stock, Hartung, Beier, Merx, Gross<\/em><\/li>\n<li>Adv. Opt. Techn. 8 (2019) p.111<br \/>\nSimulation and analysis of optical imaging systems including real freeform components<br \/>\n<a href=\"https:\/\/doi.org\/10.1515\/aot-2018-0065\" target=\"_blank\" rel=\"noopener noreferrer\">https:\/\/doi.org\/10.1515\/aot-2018-0065<\/a><br \/>\n<em>Stock, Beier, Hartung, Merx, Gross<\/em><\/li>\n<li>Appl. Opt. 58 (2019) p. 2713<br \/>\nCompact freeform illumination system design for pattern generation with extended light sources<br \/>\n<a href=\"https:\/\/doi.org\/10.1364\/AO.58.002713\" target=\"_blank\" rel=\"noopener noreferrer\">https:\/\/doi.org\/10.1364\/AO.58.002713<\/a><br \/>\n<em>B\u00f6sel, Gross<\/em><\/li>\n<li>SPIE 11175 ,Optifab 2019 OFB 19-52<br \/>\nAnalysis of mid spatial frequency errors in two dimensions at metal mirror fabrication<br \/>\n<a href=\"https:\/\/doi: 10.1117\/12.2536774\" target=\"_blank\" rel=\"noopener noreferrer\">https:\/\/doi: 10.1117\/12.2536774<\/a><br \/>\n<em>Pertermann, Hartung, Beier, Risse, Eberhardt, T\u00fcnnermann, Gross<\/em><\/li>\n<li>J Phys Photonics 1, (4) (2019) 044002<br \/>\nObscuration elimination in three-dimensional non-symmetrical optical systems<br \/>\n<a href=\"https:\/\/doi.org\/10.1088\/2515-7647\/ab36a8\" target=\"_blank\" rel=\"noopener noreferrer\">https:\/\/doi.org\/10.1088\/2515-7647\/ab36a8<\/a><br \/>\n<em>Cai, Gross<\/em><\/li>\n<li>Opt. Express 28 (2020) 3041<br \/>\nAnamorphic telecentric scan systems with freeform surfaces<br \/>\n<a href=\"https:\/\/doi.org\/10.1364\/OE.381290\" target=\"_blank\" rel=\"noopener noreferrer\">https:\/\/doi.org\/10.1364\/OE.381290<\/a><br \/>\n<em>Zhong, Tang, Gross<\/em><\/li>\n<li>Appl. Opt. 60 (2021) p333<br \/>\nImproved correction by freeform surfaces in refractive spectrometer concepts<br \/>\n<a href=\"https:\/\/doi.org\/10.1364\/AO.412103\" target=\"_blank\" rel=\"noopener noreferrer\">https:\/\/doi.org\/10.1364\/AO.412103<\/a><br \/>\n<em>Tang, Gross<\/em><\/li>\n<li>Opt Express 29 (2021) p39967<br \/>\nComprehensive aberration analysis in symmetry-free optical systems - part I: Method of calculation<br \/>\n<a href=\"https:\/\/doi.org\/10.1364\/OE.439862\">https:\/\/doi.org\/10.1364\/OE.439862<\/a><br \/>\n<em>Z. Tang, H. Gross<\/em><\/li>\n<li>Opt Express 29 (2021) p42020<br \/>\nComprehensive aberration analysis in symmetry-free optical systems - part II: Evaluation and application<br \/>\n<a href=\"\/doi.org\/10.1364\/OE.439873\" target=\"_blank\" rel=\"noopener\">\/doi.org\/10.1364\/OE.439873<\/a><br \/>\n<em>Z. Tang, H. Gross<\/em><\/li>\n<\/ul>\n<h3>JENOPTIK Optical Systems GmbH<\/h3>\n<ul>\n<li>OSA Imaging and Applied Optics, Arlington \/ USA (2015); Describing freeform surfaces with orthogonal functions<br \/>\n<i><i>Ochse<\/i><\/i><\/li>\n<li><i><i>Predicting polarization performance of high-numerical aperture inspection<br \/>\n<\/i><\/i><i><i>Fahr<\/i><\/i><\/li>\n<li><i><i>Tolerancing the impact of mid-spatial frequency surface errors of lenses in distortion and image homogeneity<br \/>\n<\/i><\/i><i><i>Uhlendorf<\/i><\/i><\/li>\n<li><i><i>Describing freeform surfaces with orthogonal function<br \/>\n<\/i><\/i><i><i>Ochse<\/i><\/i><\/li>\n<\/ul>\n<h3>Optics Balzers Jena GmbH<\/h3>\n<ul>\n<li>Proc. SPIE 9241, Sensors, Systems, and Next-Generation Satellites XVIII (2014); Bandpass filter arrays patterned by photolithography for multi-spectral remote sensing<br \/>\n<i>Bauer, Thome, Eisenhammer<\/i><\/li>\n<li>10. Thementage Grenz- und Oberfl\u00e4chentechnik, 4. Koll. D\u00fcnne Schichten in der Optik, Leipzig (2014);\u00a0 Herstellung von Filterarrays zur multispektralen Beobachtung<br \/>\n<i>Kessler, Bauer<\/i><\/li>\n<li><span lang=\"EN-US\">Proceedings of SPIE Volume 9627, Optical Systems Design 2015: Advances in Optical Thin Films V, Page 962710-1 - 962710-9 (September 23, 2015)<\/span><span lang=\"EN-US\">; <\/span><span lang=\"EN-US\">\"Low scattering filter coatings made by plasma-assisted reactive magnetron sputtering\"<br \/>\n<i>Jan Bro\u00dfmann, Marc Lappschies, Stefan Jakobs, Volker Kirschner<\/i><\/span><\/li>\n<\/ul>\n<h3>VITRON Spezialwerkstoffe GmbH<\/h3>\n<ul>\n<li>Glasbibliothek: VITRON Chalkogenid-Gl\u00e4ser f\u00fcr \u201eCODE V\u201c opt. Design-Programm, VITRON Chalkogenid-Gl\u00e4ser f\u00fcr Zemax<\/li>\n<li>Optische Parameter - Index, Transmission: VITRON Chalkogenid-Glass IG2; VITRON Chalkogenid-Glass IG3; VITRON Chalkogenid-Glass IG4; VITRON Chalkogenid-Glass IG5; VITRON Chalkogenid-Glass IG6<\/li>\n<li><span lang=\"EN-US\">3rd International WORKshop on Infrared Technologies<br \/>\n<i>Henkel<\/i><br \/>\n<\/span><\/li>\n<\/ul>\n<p>&nbsp;<\/p>\n<ul>\n<li><a title=\"Opens external link in new window\" href=\"https:\/\/proceedings.spiedigitallibrary.org\/proceeding.aspx?articleid=2445604\" target=\"_blank\" rel=\"noopener noreferrer\"><span lang=\"EN-US\">Investigation of TMA systems with different freeform surfaces Paper 9626-28<\/span><\/a><i><span lang=\"EN-US\"><br \/>\nYi Zhong, Friedrich-Schiller-Univ. <\/span><\/i><i>Jena (Germany); Herbert Gross, Friedrich-Schiller-Univ. Jena (Germany), Fraunhofer-Institut f\u00fcr Angewandte Optik und Feinmechanik (Germany); Anika Broemel, Friedrich-Schiller-Univ. Jena (Germany); Steffen Kirschstein, Paul Petruck, Jena-Optronik GmbH (Germany); Andreas T\u00fcnnermann, Fraunhofer-Institut f\u00fcr Angewandte Optik und Feinmechanik (Germany), Friedrich-Schiller-Univ. Jena (Germany)<\/i><\/li>\n<\/ul>","protected":false},"excerpt":{"rendered":"<p>In the fol\u00adlo\u00adwing you will find recent publi\u00adca\u00adti\u00adons of the alli\u00adance part\u00adners on the topic of \u00bbfree\u00adform optics\u00ab aspher\u00adicon GmbH Free\u00adform capa\u00adbi\u00adlity enab\u00adled by ISO 10110 Proc. SPIE 9582, Opti\u00adcal Sys\u00adtem Ali\u00adgnment, Tole\u00adran\u00adcing, and Veri\u00adfi\u00adca\u00adtion IX, 958202 (3 Sep\u00adtem\u00adber 2015); doi: 10.1117\u00f712.2188160 Sven R. Kiontke; David M. Aikens; Richard N. Young\u00adworth Mono\u00adli\u00adthic free\u00adform ele\u00adment&nbsp;Proc.\u2026<\/p>\n","protected":false},"author":1,"featured_media":0,"parent":0,"menu_order":0,"comment_status":"closed","ping_status":"closed","template":"","meta":{"inline_featured_image":false,"wp_typography_post_enhancements_disabled":false,"footnotes":""},"class_list":["post-1297","page","type-page","status-publish","hentry","entry","no-media"],"_links":{"self":[{"href":"https:\/\/fo-plus.de\/en\/wp-json\/wp\/v2\/pages\/1297","targetHints":{"allow":["GET"]}}],"collection":[{"href":"https:\/\/fo-plus.de\/en\/wp-json\/wp\/v2\/pages"}],"about":[{"href":"https:\/\/fo-plus.de\/en\/wp-json\/wp\/v2\/types\/page"}],"author":[{"embeddable":true,"href":"https:\/\/fo-plus.de\/en\/wp-json\/wp\/v2\/users\/1"}],"replies":[{"embeddable":true,"href":"https:\/\/fo-plus.de\/en\/wp-json\/wp\/v2\/comments?post=1297"}],"version-history":[{"count":4,"href":"https:\/\/fo-plus.de\/en\/wp-json\/wp\/v2\/pages\/1297\/revisions"}],"predecessor-version":[{"id":1846,"href":"https:\/\/fo-plus.de\/en\/wp-json\/wp\/v2\/pages\/1297\/revisions\/1846"}],"wp:attachment":[{"href":"https:\/\/fo-plus.de\/en\/wp-json\/wp\/v2\/media?parent=1297"}],"curies":[{"name":"wp","href":"https:\/\/api.w.org\/{rel}","templated":true}]}}